{"id":23,"date":"2018-08-02T14:34:03","date_gmt":"2018-08-02T17:34:03","guid":{"rendered":"http:\/\/mino.com.br\/?page_id=23"},"modified":"2018-08-02T17:24:03","modified_gmt":"2018-08-02T20:24:03","slug":"bem-vindo","status":"publish","type":"page","link":"http:\/\/mino.com.br\/","title":{"rendered":"Bem Vindo"},"content":{"rendered":"<p>Seja bem vindo ao meu site onde re\u00fano os principais textos sobre os assuntos que gosto.<\/p>\n<p>Abaixo est\u00e3o as categorias e os posts mais recentes:<\/p>\n<h6><a href=\"http:\/\/mino.com.br\/?page_id=49\">Tecnologia da Informa\u00e7\u00e3o<\/a><\/h6>\n<ul class=\"lcp_catlist\" id=\"lcp_instance_0\"><li><a href=\"http:\/\/mino.com.br\/?p=94\">Macro util do Excel &#8211; Instala\u00e7\u00e3o<\/a><\/li><li><a href=\"http:\/\/mino.com.br\/?p=91\">Macro Util do Excel<\/a><\/li><\/ul>\n<h6><a href=\"http:\/\/mino.com.br\/?page_id=44\">Filosofia<\/a><\/h6>\n<ul class=\"lcp_catlist\" id=\"lcp_instance_0\"><li><a href=\"http:\/\/mino.com.br\/?p=31\">Os sete saberes necess\u00e1rios \u00e0 educa\u00e7\u00e3o do futuro (Edgar Morin)<\/a><\/li><li><a href=\"http:\/\/mino.com.br\/?p=29\">L\u00f3gica &#038; Fal\u00e1cias<\/a><\/li><li><a href=\"http:\/\/mino.com.br\/?p=26\">Carta sobre a felicidade &#8211; Epicuro<\/a><\/li><\/ul>\n","protected":false},"excerpt":{"rendered":"<p>Seja bem vindo ao meu site onde re\u00fano os principais textos sobre os assuntos que gosto. Abaixo est\u00e3o as categorias e os posts mais recentes: Tecnologia da Informa\u00e7\u00e3o Filosofia<\/p>\n","protected":false},"author":1,"featured_media":0,"parent":0,"menu_order":0,"comment_status":"closed","ping_status":"closed","template":"","meta":{"footnotes":""},"class_list":["post-23","page","type-page","status-publish","hentry"],"_links":{"self":[{"href":"http:\/\/mino.com.br\/index.php?rest_route=\/wp\/v2\/pages\/23","targetHints":{"allow":["GET"]}}],"collection":[{"href":"http:\/\/mino.com.br\/index.php?rest_route=\/wp\/v2\/pages"}],"about":[{"href":"http:\/\/mino.com.br\/index.php?rest_route=\/wp\/v2\/types\/page"}],"author":[{"embeddable":true,"href":"http:\/\/mino.com.br\/index.php?rest_route=\/wp\/v2\/users\/1"}],"replies":[{"embeddable":true,"href":"http:\/\/mino.com.br\/index.php?rest_route=%2Fwp%2Fv2%2Fcomments&post=23"}],"version-history":[{"count":8,"href":"http:\/\/mino.com.br\/index.php?rest_route=\/wp\/v2\/pages\/23\/revisions"}],"predecessor-version":[{"id":51,"href":"http:\/\/mino.com.br\/index.php?rest_route=\/wp\/v2\/pages\/23\/revisions\/51"}],"wp:attachment":[{"href":"http:\/\/mino.com.br\/index.php?rest_route=%2Fwp%2Fv2%2Fmedia&parent=23"}],"curies":[{"name":"wp","href":"https:\/\/api.w.org\/{rel}","templated":true}]}}