{"id":44,"date":"2018-08-02T17:13:19","date_gmt":"2018-08-02T20:13:19","guid":{"rendered":"http:\/\/mino.com.br\/?page_id=44"},"modified":"2018-08-02T17:13:54","modified_gmt":"2018-08-02T20:13:54","slug":"indice-filosofia","status":"publish","type":"page","link":"http:\/\/mino.com.br\/?page_id=44","title":{"rendered":"Indice Filosofia"},"content":{"rendered":"<h6>Posts de filosofia<\/h6>\n<ul class=\"lcp_catlist\" id=\"lcp_instance_0\"><li><a href=\"http:\/\/mino.com.br\/?p=31\">Os sete saberes necess\u00e1rios \u00e0 educa\u00e7\u00e3o do futuro (Edgar Morin)<\/a><\/li><li><a href=\"http:\/\/mino.com.br\/?p=29\">L\u00f3gica &#038; Fal\u00e1cias<\/a><\/li><li><a href=\"http:\/\/mino.com.br\/?p=26\">Carta sobre a felicidade &#8211; Epicuro<\/a><\/li><\/ul>\n","protected":false},"excerpt":{"rendered":"<p>Posts de filosofia<\/p>\n","protected":false},"author":1,"featured_media":0,"parent":23,"menu_order":0,"comment_status":"closed","ping_status":"closed","template":"","meta":{"footnotes":""},"class_list":["post-44","page","type-page","status-publish","hentry"],"_links":{"self":[{"href":"http:\/\/mino.com.br\/index.php?rest_route=\/wp\/v2\/pages\/44","targetHints":{"allow":["GET"]}}],"collection":[{"href":"http:\/\/mino.com.br\/index.php?rest_route=\/wp\/v2\/pages"}],"about":[{"href":"http:\/\/mino.com.br\/index.php?rest_route=\/wp\/v2\/types\/page"}],"author":[{"embeddable":true,"href":"http:\/\/mino.com.br\/index.php?rest_route=\/wp\/v2\/users\/1"}],"replies":[{"embeddable":true,"href":"http:\/\/mino.com.br\/index.php?rest_route=%2Fwp%2Fv2%2Fcomments&post=44"}],"version-history":[{"count":2,"href":"http:\/\/mino.com.br\/index.php?rest_route=\/wp\/v2\/pages\/44\/revisions"}],"predecessor-version":[{"id":46,"href":"http:\/\/mino.com.br\/index.php?rest_route=\/wp\/v2\/pages\/44\/revisions\/46"}],"up":[{"embeddable":true,"href":"http:\/\/mino.com.br\/index.php?rest_route=\/wp\/v2\/pages\/23"}],"wp:attachment":[{"href":"http:\/\/mino.com.br\/index.php?rest_route=%2Fwp%2Fv2%2Fmedia&parent=44"}],"curies":[{"name":"wp","href":"https:\/\/api.w.org\/{rel}","templated":true}]}}