{"id":49,"date":"2018-08-02T17:20:47","date_gmt":"2018-08-02T20:20:47","guid":{"rendered":"http:\/\/mino.com.br\/?page_id=49"},"modified":"2018-08-02T17:20:47","modified_gmt":"2018-08-02T20:20:47","slug":"indice-tecnologia-da-informacao","status":"publish","type":"page","link":"http:\/\/mino.com.br\/?page_id=49","title":{"rendered":"Indice Tecnologia da Informa\u00e7\u00e3o"},"content":{"rendered":"<h6>Posts de tecnologia da informa\u00e7\u00e3o<\/h6>\n<ul class=\"lcp_catlist\" id=\"lcp_instance_0\"><li><a href=\"http:\/\/mino.com.br\/?p=94\">Macro util do Excel &#8211; Instala\u00e7\u00e3o<\/a><\/li><li><a href=\"http:\/\/mino.com.br\/?p=91\">Macro Util do Excel<\/a><\/li><\/ul>\n","protected":false},"excerpt":{"rendered":"<p>Posts de tecnologia da informa\u00e7\u00e3o<\/p>\n","protected":false},"author":1,"featured_media":0,"parent":0,"menu_order":0,"comment_status":"closed","ping_status":"closed","template":"","meta":{"footnotes":""},"class_list":["post-49","page","type-page","status-publish","hentry"],"_links":{"self":[{"href":"http:\/\/mino.com.br\/index.php?rest_route=\/wp\/v2\/pages\/49","targetHints":{"allow":["GET"]}}],"collection":[{"href":"http:\/\/mino.com.br\/index.php?rest_route=\/wp\/v2\/pages"}],"about":[{"href":"http:\/\/mino.com.br\/index.php?rest_route=\/wp\/v2\/types\/page"}],"author":[{"embeddable":true,"href":"http:\/\/mino.com.br\/index.php?rest_route=\/wp\/v2\/users\/1"}],"replies":[{"embeddable":true,"href":"http:\/\/mino.com.br\/index.php?rest_route=%2Fwp%2Fv2%2Fcomments&post=49"}],"version-history":[{"count":1,"href":"http:\/\/mino.com.br\/index.php?rest_route=\/wp\/v2\/pages\/49\/revisions"}],"predecessor-version":[{"id":50,"href":"http:\/\/mino.com.br\/index.php?rest_route=\/wp\/v2\/pages\/49\/revisions\/50"}],"wp:attachment":[{"href":"http:\/\/mino.com.br\/index.php?rest_route=%2Fwp%2Fv2%2Fmedia&parent=49"}],"curies":[{"name":"wp","href":"https:\/\/api.w.org\/{rel}","templated":true}]}}